{"id":281,"date":"2025-08-12T07:55:22","date_gmt":"2025-08-12T07:55:22","guid":{"rendered":"https:\/\/coldbet.bet\/ci\/?page_id=281"},"modified":"2026-04-17T13:20:21","modified_gmt":"2026-04-17T13:20:21","slug":"partners","status":"publish","type":"page","link":"https:\/\/coldbet.bet\/ci\/partners\/","title":{"rendered":"Affili\u00e9s"},"content":{"rendered":"","protected":false},"excerpt":{"rendered":"","protected":false},"author":1,"featured_media":0,"parent":0,"menu_order":0,"comment_status":"closed","ping_status":"closed","template":"","meta":{"inline_featured_image":false,"footnotes":""},"class_list":["post-281","page","type-page","status-publish","hentry"],"yoast_head":"<!-- This site is optimized with the Yoast SEO plugin v26.8 - https:\/\/yoast.com\/product\/yoast-seo-wordpress\/ -->\n<title>Affili\u00e9 Coldbet C\u00f4te d&#039;Ivoire &gt; gagner de l&#039;argent simplement gr\u00e2ce<\/title>\n<meta name=\"description\" content=\"Programme d&#039;affiliation partenaires Coldbet C\u00f4te d&#039;Ivoire \u2013 des paiements flexibles, une assistance 24h\/24 et 7j\/7 et des revenus \u00e9lev\u00e9s pour les sp\u00e9cialistes du monde entier.\" \/>\n<meta name=\"robots\" content=\"index, follow, max-snippet:-1, max-image-preview:large, max-video-preview:-1\" \/>\n<meta property=\"og:type\" content=\"article\" \/>\n<meta property=\"og:title\" content=\"Affili\u00e9 Coldbet C\u00f4te d&#039;Ivoire &gt; gagner de l&#039;argent simplement gr\u00e2ce\" \/>\n<meta property=\"og:description\" content=\"Programme d&#039;affiliation partenaires Coldbet C\u00f4te d&#039;Ivoire \u2013 des paiements flexibles, une assistance 24h\/24 et 7j\/7 et des revenus \u00e9lev\u00e9s pour les sp\u00e9cialistes du monde entier.\" \/>\n<meta property=\"og:url\" content=\"https:\/\/coldbet.bet\/ci\/partners\/\" \/>\n<meta property=\"og:site_name\" content=\"Coldbet Bet CI\" \/>\n<meta property=\"article:modified_time\" content=\"2026-04-17T13:20:21+00:00\" \/>\n<meta name=\"twitter:card\" content=\"summary_large_image\" \/>\n<script type=\"application\/ld+json\" class=\"yoast-schema-graph\">{\"@context\":\"https:\/\/schema.org\",\"@graph\":[{\"@type\":\"WebPage\",\"@id\":\"https:\/\/coldbet.bet\/ci\/partners\/\",\"url\":\"https:\/\/coldbet.bet\/ci\/partners\/\",\"name\":\"Affili\u00e9 Coldbet C\u00f4te d'Ivoire > gagner de l'argent simplement gr\u00e2ce\",\"isPartOf\":{\"@id\":\"https:\/\/coldbet.bet\/ci\/#website\"},\"datePublished\":\"2025-08-12T07:55:22+00:00\",\"dateModified\":\"2026-04-17T13:20:21+00:00\",\"description\":\"Programme d'affiliation partenaires Coldbet C\u00f4te d'Ivoire \u2013 des paiements flexibles, une assistance 24h\/24 et 7j\/7 et des revenus \u00e9lev\u00e9s pour les sp\u00e9cialistes du monde entier.\",\"breadcrumb\":{\"@id\":\"https:\/\/coldbet.bet\/ci\/partners\/#breadcrumb\"},\"inLanguage\":\"en-GB\",\"potentialAction\":[{\"@type\":\"ReadAction\",\"target\":[\"https:\/\/coldbet.bet\/ci\/partners\/\"]}]},{\"@type\":\"BreadcrumbList\",\"@id\":\"https:\/\/coldbet.bet\/ci\/partners\/#breadcrumb\",\"itemListElement\":[{\"@type\":\"ListItem\",\"position\":1,\"name\":\"\u0413\u043b\u0430\u0432\u043d\u0430\u044f \u0441\u0442\u0440\u0430\u043d\u0438\u0446\u0430\",\"item\":\"https:\/\/coldbet.bet\/ci\/\"},{\"@type\":\"ListItem\",\"position\":2,\"name\":\"Affili\u00e9s\"}]},{\"@type\":\"WebSite\",\"@id\":\"https:\/\/coldbet.bet\/ci\/#website\",\"url\":\"https:\/\/coldbet.bet\/ci\/\",\"name\":\"Coldbet Bet CI\",\"description\":\"My WordPress Blog\",\"potentialAction\":[{\"@type\":\"SearchAction\",\"target\":{\"@type\":\"EntryPoint\",\"urlTemplate\":\"https:\/\/coldbet.bet\/ci\/?s={search_term_string}\"},\"query-input\":{\"@type\":\"PropertyValueSpecification\",\"valueRequired\":true,\"valueName\":\"search_term_string\"}}],\"inLanguage\":\"en-GB\"}]}<\/script>\n<!-- \/ Yoast SEO plugin. -->","yoast_head_json":{"title":"Affili\u00e9 Coldbet C\u00f4te d'Ivoire > gagner de l'argent simplement gr\u00e2ce","description":"Programme d'affiliation partenaires Coldbet C\u00f4te d'Ivoire \u2013 des paiements flexibles, une assistance 24h\/24 et 7j\/7 et des revenus \u00e9lev\u00e9s pour les sp\u00e9cialistes du monde entier.","robots":{"index":"index","follow":"follow","max-snippet":"max-snippet:-1","max-image-preview":"max-image-preview:large","max-video-preview":"max-video-preview:-1"},"og_type":"article","og_title":"Affili\u00e9 Coldbet C\u00f4te d'Ivoire > gagner de l'argent simplement gr\u00e2ce","og_description":"Programme d'affiliation partenaires Coldbet C\u00f4te d'Ivoire \u2013 des paiements flexibles, une assistance 24h\/24 et 7j\/7 et des revenus \u00e9lev\u00e9s pour les sp\u00e9cialistes du monde entier.","og_url":"https:\/\/coldbet.bet\/ci\/partners\/","og_site_name":"Coldbet Bet CI","article_modified_time":"2026-04-17T13:20:21+00:00","twitter_card":"summary_large_image","schema":{"@context":"https:\/\/schema.org","@graph":[{"@type":"WebPage","@id":"https:\/\/coldbet.bet\/ci\/partners\/","url":"https:\/\/coldbet.bet\/ci\/partners\/","name":"Affili\u00e9 Coldbet C\u00f4te d'Ivoire > gagner de l'argent simplement gr\u00e2ce","isPartOf":{"@id":"https:\/\/coldbet.bet\/ci\/#website"},"datePublished":"2025-08-12T07:55:22+00:00","dateModified":"2026-04-17T13:20:21+00:00","description":"Programme d'affiliation partenaires Coldbet C\u00f4te d'Ivoire \u2013 des paiements flexibles, une assistance 24h\/24 et 7j\/7 et des revenus \u00e9lev\u00e9s pour les sp\u00e9cialistes du monde entier.","breadcrumb":{"@id":"https:\/\/coldbet.bet\/ci\/partners\/#breadcrumb"},"inLanguage":"en-GB","potentialAction":[{"@type":"ReadAction","target":["https:\/\/coldbet.bet\/ci\/partners\/"]}]},{"@type":"BreadcrumbList","@id":"https:\/\/coldbet.bet\/ci\/partners\/#breadcrumb","itemListElement":[{"@type":"ListItem","position":1,"name":"\u0413\u043b\u0430\u0432\u043d\u0430\u044f \u0441\u0442\u0440\u0430\u043d\u0438\u0446\u0430","item":"https:\/\/coldbet.bet\/ci\/"},{"@type":"ListItem","position":2,"name":"Affili\u00e9s"}]},{"@type":"WebSite","@id":"https:\/\/coldbet.bet\/ci\/#website","url":"https:\/\/coldbet.bet\/ci\/","name":"Coldbet Bet CI","description":"My WordPress Blog","potentialAction":[{"@type":"SearchAction","target":{"@type":"EntryPoint","urlTemplate":"https:\/\/coldbet.bet\/ci\/?s={search_term_string}"},"query-input":{"@type":"PropertyValueSpecification","valueRequired":true,"valueName":"search_term_string"}}],"inLanguage":"en-GB"}]}},"_links":{"self":[{"href":"https:\/\/coldbet.bet\/ci\/wp-json\/wp\/v2\/pages\/281","targetHints":{"allow":["GET"]}}],"collection":[{"href":"https:\/\/coldbet.bet\/ci\/wp-json\/wp\/v2\/pages"}],"about":[{"href":"https:\/\/coldbet.bet\/ci\/wp-json\/wp\/v2\/types\/page"}],"author":[{"embeddable":true,"href":"https:\/\/coldbet.bet\/ci\/wp-json\/wp\/v2\/users\/1"}],"replies":[{"embeddable":true,"href":"https:\/\/coldbet.bet\/ci\/wp-json\/wp\/v2\/comments?post=281"}],"version-history":[{"count":8,"href":"https:\/\/coldbet.bet\/ci\/wp-json\/wp\/v2\/pages\/281\/revisions"}],"predecessor-version":[{"id":360,"href":"https:\/\/coldbet.bet\/ci\/wp-json\/wp\/v2\/pages\/281\/revisions\/360"}],"wp:attachment":[{"href":"https:\/\/coldbet.bet\/ci\/wp-json\/wp\/v2\/media?parent=281"}],"curies":[{"name":"wp","href":"https:\/\/api.w.org\/{rel}","templated":true}]}}