{"id":198,"date":"2025-05-25T23:24:19","date_gmt":"2025-05-25T23:24:19","guid":{"rendered":"https:\/\/coldbet.bet\/pl\/?page_id=198"},"modified":"2026-02-12T12:25:16","modified_gmt":"2026-02-12T12:25:16","slug":"bets-on-tennis","status":"publish","type":"page","link":"https:\/\/coldbet.bet\/pl\/bets-on-tennis\/","title":{"rendered":"Tenis"},"content":{"rendered":"","protected":false},"excerpt":{"rendered":"","protected":false},"author":1,"featured_media":0,"parent":0,"menu_order":0,"comment_status":"closed","ping_status":"closed","template":"","meta":{"inline_featured_image":false,"footnotes":""},"class_list":["post-198","page","type-page","status-publish","hentry"],"yoast_head":"<!-- This site is optimized with the Yoast SEO plugin v26.8 - https:\/\/yoast.com\/product\/yoast-seo-wordpress\/ -->\n<title>ColdBet tenis &gt; postaw sw\u00f3j zak\u0142ad<\/title>\n<meta name=\"description\" content=\"Obstawiaj tenis w ColdBet: szeroka oferta, tryb LIVE, szybkie wyp\u0142aty i bonusy dla nowych i aktywnych graczy.\" \/>\n<meta name=\"robots\" content=\"index, follow, max-snippet:-1, max-image-preview:large, max-video-preview:-1\" \/>\n<meta property=\"og:type\" content=\"article\" \/>\n<meta property=\"og:title\" content=\"ColdBet tenis &gt; postaw sw\u00f3j zak\u0142ad\" \/>\n<meta property=\"og:description\" content=\"Obstawiaj tenis w ColdBet: szeroka oferta, tryb LIVE, szybkie wyp\u0142aty i bonusy dla nowych i aktywnych graczy.\" \/>\n<meta property=\"og:url\" content=\"https:\/\/coldbet.bet\/pl\/bets-on-tennis\/\" \/>\n<meta property=\"og:site_name\" content=\"Coldbet Bet PL\" \/>\n<meta property=\"article:modified_time\" content=\"2026-02-12T12:25:16+00:00\" \/>\n<meta name=\"twitter:card\" content=\"summary_large_image\" \/>\n<script type=\"application\/ld+json\" class=\"yoast-schema-graph\">{\"@context\":\"https:\/\/schema.org\",\"@graph\":[{\"@type\":\"WebPage\",\"@id\":\"https:\/\/coldbet.bet\/pl\/bets-on-tennis\/\",\"url\":\"https:\/\/coldbet.bet\/pl\/bets-on-tennis\/\",\"name\":\"ColdBet tenis > postaw sw\u00f3j zak\u0142ad\",\"isPartOf\":{\"@id\":\"https:\/\/coldbet.bet\/pl\/#website\"},\"datePublished\":\"2025-05-25T23:24:19+00:00\",\"dateModified\":\"2026-02-12T12:25:16+00:00\",\"description\":\"Obstawiaj tenis w ColdBet: szeroka oferta, tryb LIVE, szybkie wyp\u0142aty i bonusy dla nowych i aktywnych graczy.\",\"breadcrumb\":{\"@id\":\"https:\/\/coldbet.bet\/pl\/bets-on-tennis\/#breadcrumb\"},\"inLanguage\":\"pl-PL\",\"potentialAction\":[{\"@type\":\"ReadAction\",\"target\":[\"https:\/\/coldbet.bet\/pl\/bets-on-tennis\/\"]}]},{\"@type\":\"BreadcrumbList\",\"@id\":\"https:\/\/coldbet.bet\/pl\/bets-on-tennis\/#breadcrumb\",\"itemListElement\":[{\"@type\":\"ListItem\",\"position\":1,\"name\":\"\u0413\u043b\u0430\u0432\u043d\u0430\u044f \u0441\u0442\u0440\u0430\u043d\u0438\u0446\u0430\",\"item\":\"https:\/\/coldbet.bet\/pl\/\"},{\"@type\":\"ListItem\",\"position\":2,\"name\":\"Tenis\"}]},{\"@type\":\"WebSite\",\"@id\":\"https:\/\/coldbet.bet\/pl\/#website\",\"url\":\"https:\/\/coldbet.bet\/pl\/\",\"name\":\"Coldbet Bet PL\",\"description\":\"My WordPress Blog\",\"potentialAction\":[{\"@type\":\"SearchAction\",\"target\":{\"@type\":\"EntryPoint\",\"urlTemplate\":\"https:\/\/coldbet.bet\/pl\/?s={search_term_string}\"},\"query-input\":{\"@type\":\"PropertyValueSpecification\",\"valueRequired\":true,\"valueName\":\"search_term_string\"}}],\"inLanguage\":\"pl-PL\"}]}<\/script>\n<!-- \/ Yoast SEO plugin. -->","yoast_head_json":{"title":"ColdBet tenis > postaw sw\u00f3j zak\u0142ad","description":"Obstawiaj tenis w ColdBet: szeroka oferta, tryb LIVE, szybkie wyp\u0142aty i bonusy dla nowych i aktywnych graczy.","robots":{"index":"index","follow":"follow","max-snippet":"max-snippet:-1","max-image-preview":"max-image-preview:large","max-video-preview":"max-video-preview:-1"},"og_type":"article","og_title":"ColdBet tenis > postaw sw\u00f3j zak\u0142ad","og_description":"Obstawiaj tenis w ColdBet: szeroka oferta, tryb LIVE, szybkie wyp\u0142aty i bonusy dla nowych i aktywnych graczy.","og_url":"https:\/\/coldbet.bet\/pl\/bets-on-tennis\/","og_site_name":"Coldbet Bet PL","article_modified_time":"2026-02-12T12:25:16+00:00","twitter_card":"summary_large_image","schema":{"@context":"https:\/\/schema.org","@graph":[{"@type":"WebPage","@id":"https:\/\/coldbet.bet\/pl\/bets-on-tennis\/","url":"https:\/\/coldbet.bet\/pl\/bets-on-tennis\/","name":"ColdBet tenis > postaw sw\u00f3j zak\u0142ad","isPartOf":{"@id":"https:\/\/coldbet.bet\/pl\/#website"},"datePublished":"2025-05-25T23:24:19+00:00","dateModified":"2026-02-12T12:25:16+00:00","description":"Obstawiaj tenis w ColdBet: szeroka oferta, tryb LIVE, szybkie wyp\u0142aty i bonusy dla nowych i aktywnych graczy.","breadcrumb":{"@id":"https:\/\/coldbet.bet\/pl\/bets-on-tennis\/#breadcrumb"},"inLanguage":"pl-PL","potentialAction":[{"@type":"ReadAction","target":["https:\/\/coldbet.bet\/pl\/bets-on-tennis\/"]}]},{"@type":"BreadcrumbList","@id":"https:\/\/coldbet.bet\/pl\/bets-on-tennis\/#breadcrumb","itemListElement":[{"@type":"ListItem","position":1,"name":"\u0413\u043b\u0430\u0432\u043d\u0430\u044f \u0441\u0442\u0440\u0430\u043d\u0438\u0446\u0430","item":"https:\/\/coldbet.bet\/pl\/"},{"@type":"ListItem","position":2,"name":"Tenis"}]},{"@type":"WebSite","@id":"https:\/\/coldbet.bet\/pl\/#website","url":"https:\/\/coldbet.bet\/pl\/","name":"Coldbet Bet PL","description":"My WordPress Blog","potentialAction":[{"@type":"SearchAction","target":{"@type":"EntryPoint","urlTemplate":"https:\/\/coldbet.bet\/pl\/?s={search_term_string}"},"query-input":{"@type":"PropertyValueSpecification","valueRequired":true,"valueName":"search_term_string"}}],"inLanguage":"pl-PL"}]}},"_links":{"self":[{"href":"https:\/\/coldbet.bet\/pl\/wp-json\/wp\/v2\/pages\/198","targetHints":{"allow":["GET"]}}],"collection":[{"href":"https:\/\/coldbet.bet\/pl\/wp-json\/wp\/v2\/pages"}],"about":[{"href":"https:\/\/coldbet.bet\/pl\/wp-json\/wp\/v2\/types\/page"}],"author":[{"embeddable":true,"href":"https:\/\/coldbet.bet\/pl\/wp-json\/wp\/v2\/users\/1"}],"replies":[{"embeddable":true,"href":"https:\/\/coldbet.bet\/pl\/wp-json\/wp\/v2\/comments?post=198"}],"version-history":[{"count":8,"href":"https:\/\/coldbet.bet\/pl\/wp-json\/wp\/v2\/pages\/198\/revisions"}],"predecessor-version":[{"id":354,"href":"https:\/\/coldbet.bet\/pl\/wp-json\/wp\/v2\/pages\/198\/revisions\/354"}],"wp:attachment":[{"href":"https:\/\/coldbet.bet\/pl\/wp-json\/wp\/v2\/media?parent=198"}],"curies":[{"name":"wp","href":"https:\/\/api.w.org\/{rel}","templated":true}]}}