{"id":281,"date":"2025-08-12T07:55:22","date_gmt":"2025-08-12T07:55:22","guid":{"rendered":"https:\/\/coldbet.bet\/pl\/?page_id=281"},"modified":"2026-02-11T11:26:23","modified_gmt":"2026-02-11T11:26:23","slug":"partners","status":"publish","type":"page","link":"https:\/\/coldbet.bet\/pl\/partners\/","title":{"rendered":"Program Partnerski"},"content":{"rendered":"","protected":false},"excerpt":{"rendered":"","protected":false},"author":1,"featured_media":0,"parent":0,"menu_order":0,"comment_status":"closed","ping_status":"closed","template":"","meta":{"inline_featured_image":false,"footnotes":""},"class_list":["post-281","page","type-page","status-publish","hentry"],"yoast_head":"<!-- This site is optimized with the Yoast SEO plugin v26.8 - https:\/\/yoast.com\/product\/yoast-seo-wordpress\/ -->\n<title>Coldbet Partners &gt; zarabiaj pieni\u0105dze w prosty spos\u00f3b dzi\u0119ki<\/title>\n<meta name=\"description\" content=\"Program partnerski Coldbet zapewnia elastyczne wyp\u0142aty, ca\u0142odobow\u0105 obs\u0142ug\u0119 klienta i wysokie dochody dla wszystkich partner\u00f3w.\" \/>\n<meta name=\"robots\" content=\"index, follow, max-snippet:-1, max-image-preview:large, max-video-preview:-1\" \/>\n<meta property=\"og:type\" content=\"article\" \/>\n<meta property=\"og:title\" content=\"Coldbet Partners &gt; zarabiaj pieni\u0105dze w prosty spos\u00f3b dzi\u0119ki\" \/>\n<meta property=\"og:description\" content=\"Program partnerski Coldbet zapewnia elastyczne wyp\u0142aty, ca\u0142odobow\u0105 obs\u0142ug\u0119 klienta i wysokie dochody dla wszystkich partner\u00f3w.\" \/>\n<meta property=\"og:url\" content=\"https:\/\/coldbet.bet\/pl\/partners\/\" \/>\n<meta property=\"og:site_name\" content=\"Coldbet Bet PL\" \/>\n<meta property=\"article:modified_time\" content=\"2026-02-11T11:26:23+00:00\" \/>\n<meta name=\"twitter:card\" content=\"summary_large_image\" \/>\n<script type=\"application\/ld+json\" class=\"yoast-schema-graph\">{\"@context\":\"https:\/\/schema.org\",\"@graph\":[{\"@type\":\"WebPage\",\"@id\":\"https:\/\/coldbet.bet\/pl\/partners\/\",\"url\":\"https:\/\/coldbet.bet\/pl\/partners\/\",\"name\":\"Coldbet Partners > zarabiaj pieni\u0105dze w prosty spos\u00f3b dzi\u0119ki\",\"isPartOf\":{\"@id\":\"https:\/\/coldbet.bet\/pl\/#website\"},\"datePublished\":\"2025-08-12T07:55:22+00:00\",\"dateModified\":\"2026-02-11T11:26:23+00:00\",\"description\":\"Program partnerski Coldbet zapewnia elastyczne wyp\u0142aty, ca\u0142odobow\u0105 obs\u0142ug\u0119 klienta i wysokie dochody dla wszystkich partner\u00f3w.\",\"breadcrumb\":{\"@id\":\"https:\/\/coldbet.bet\/pl\/partners\/#breadcrumb\"},\"inLanguage\":\"pl-PL\",\"potentialAction\":[{\"@type\":\"ReadAction\",\"target\":[\"https:\/\/coldbet.bet\/pl\/partners\/\"]}]},{\"@type\":\"BreadcrumbList\",\"@id\":\"https:\/\/coldbet.bet\/pl\/partners\/#breadcrumb\",\"itemListElement\":[{\"@type\":\"ListItem\",\"position\":1,\"name\":\"\u0413\u043b\u0430\u0432\u043d\u0430\u044f \u0441\u0442\u0440\u0430\u043d\u0438\u0446\u0430\",\"item\":\"https:\/\/coldbet.bet\/pl\/\"},{\"@type\":\"ListItem\",\"position\":2,\"name\":\"Program Partnerski\"}]},{\"@type\":\"WebSite\",\"@id\":\"https:\/\/coldbet.bet\/pl\/#website\",\"url\":\"https:\/\/coldbet.bet\/pl\/\",\"name\":\"Coldbet Bet PL\",\"description\":\"My WordPress Blog\",\"potentialAction\":[{\"@type\":\"SearchAction\",\"target\":{\"@type\":\"EntryPoint\",\"urlTemplate\":\"https:\/\/coldbet.bet\/pl\/?s={search_term_string}\"},\"query-input\":{\"@type\":\"PropertyValueSpecification\",\"valueRequired\":true,\"valueName\":\"search_term_string\"}}],\"inLanguage\":\"pl-PL\"}]}<\/script>\n<!-- \/ Yoast SEO plugin. -->","yoast_head_json":{"title":"Coldbet Partners > zarabiaj pieni\u0105dze w prosty spos\u00f3b dzi\u0119ki","description":"Program partnerski Coldbet zapewnia elastyczne wyp\u0142aty, ca\u0142odobow\u0105 obs\u0142ug\u0119 klienta i wysokie dochody dla wszystkich partner\u00f3w.","robots":{"index":"index","follow":"follow","max-snippet":"max-snippet:-1","max-image-preview":"max-image-preview:large","max-video-preview":"max-video-preview:-1"},"og_type":"article","og_title":"Coldbet Partners > zarabiaj pieni\u0105dze w prosty spos\u00f3b dzi\u0119ki","og_description":"Program partnerski Coldbet zapewnia elastyczne wyp\u0142aty, ca\u0142odobow\u0105 obs\u0142ug\u0119 klienta i wysokie dochody dla wszystkich partner\u00f3w.","og_url":"https:\/\/coldbet.bet\/pl\/partners\/","og_site_name":"Coldbet Bet PL","article_modified_time":"2026-02-11T11:26:23+00:00","twitter_card":"summary_large_image","schema":{"@context":"https:\/\/schema.org","@graph":[{"@type":"WebPage","@id":"https:\/\/coldbet.bet\/pl\/partners\/","url":"https:\/\/coldbet.bet\/pl\/partners\/","name":"Coldbet Partners > zarabiaj pieni\u0105dze w prosty spos\u00f3b dzi\u0119ki","isPartOf":{"@id":"https:\/\/coldbet.bet\/pl\/#website"},"datePublished":"2025-08-12T07:55:22+00:00","dateModified":"2026-02-11T11:26:23+00:00","description":"Program partnerski Coldbet zapewnia elastyczne wyp\u0142aty, ca\u0142odobow\u0105 obs\u0142ug\u0119 klienta i wysokie dochody dla wszystkich partner\u00f3w.","breadcrumb":{"@id":"https:\/\/coldbet.bet\/pl\/partners\/#breadcrumb"},"inLanguage":"pl-PL","potentialAction":[{"@type":"ReadAction","target":["https:\/\/coldbet.bet\/pl\/partners\/"]}]},{"@type":"BreadcrumbList","@id":"https:\/\/coldbet.bet\/pl\/partners\/#breadcrumb","itemListElement":[{"@type":"ListItem","position":1,"name":"\u0413\u043b\u0430\u0432\u043d\u0430\u044f \u0441\u0442\u0440\u0430\u043d\u0438\u0446\u0430","item":"https:\/\/coldbet.bet\/pl\/"},{"@type":"ListItem","position":2,"name":"Program Partnerski"}]},{"@type":"WebSite","@id":"https:\/\/coldbet.bet\/pl\/#website","url":"https:\/\/coldbet.bet\/pl\/","name":"Coldbet Bet PL","description":"My WordPress Blog","potentialAction":[{"@type":"SearchAction","target":{"@type":"EntryPoint","urlTemplate":"https:\/\/coldbet.bet\/pl\/?s={search_term_string}"},"query-input":{"@type":"PropertyValueSpecification","valueRequired":true,"valueName":"search_term_string"}}],"inLanguage":"pl-PL"}]}},"_links":{"self":[{"href":"https:\/\/coldbet.bet\/pl\/wp-json\/wp\/v2\/pages\/281","targetHints":{"allow":["GET"]}}],"collection":[{"href":"https:\/\/coldbet.bet\/pl\/wp-json\/wp\/v2\/pages"}],"about":[{"href":"https:\/\/coldbet.bet\/pl\/wp-json\/wp\/v2\/types\/page"}],"author":[{"embeddable":true,"href":"https:\/\/coldbet.bet\/pl\/wp-json\/wp\/v2\/users\/1"}],"replies":[{"embeddable":true,"href":"https:\/\/coldbet.bet\/pl\/wp-json\/wp\/v2\/comments?post=281"}],"version-history":[{"count":12,"href":"https:\/\/coldbet.bet\/pl\/wp-json\/wp\/v2\/pages\/281\/revisions"}],"predecessor-version":[{"id":334,"href":"https:\/\/coldbet.bet\/pl\/wp-json\/wp\/v2\/pages\/281\/revisions\/334"}],"wp:attachment":[{"href":"https:\/\/coldbet.bet\/pl\/wp-json\/wp\/v2\/media?parent=281"}],"curies":[{"name":"wp","href":"https:\/\/api.w.org\/{rel}","templated":true}]}}