{"id":176,"date":"2025-04-18T07:05:23","date_gmt":"2025-04-18T07:05:23","guid":{"rendered":"https:\/\/coldbet.bet\/tg\/?page_id=176"},"modified":"2026-04-21T09:46:25","modified_gmt":"2026-04-21T09:46:25","slug":"bets-on-football","status":"publish","type":"page","link":"https:\/\/coldbet.bet\/tg\/bets-on-football\/","title":{"rendered":"Football"},"content":{"rendered":"","protected":false},"excerpt":{"rendered":"","protected":false},"author":1,"featured_media":0,"parent":0,"menu_order":0,"comment_status":"closed","ping_status":"closed","template":"","meta":{"inline_featured_image":false,"footnotes":""},"class_list":["post-176","page","type-page","status-publish","hentry"],"yoast_head":"<!-- This site is optimized with the Yoast SEO plugin v26.8 - https:\/\/yoast.com\/product\/yoast-seo-wordpress\/ -->\n<title>Coldbet R\u00e9publique du Togo Football<\/title>\n<meta name=\"description\" content=\"Vous souhaitez parier sur le football et gagner r\u00e9guli\u00e8rement ? Alors Coldbet R\u00e9publique du Togo est le bon choix pour vous !\" \/>\n<meta name=\"robots\" content=\"index, follow, max-snippet:-1, max-image-preview:large, max-video-preview:-1\" \/>\n<meta property=\"og:type\" content=\"article\" \/>\n<meta property=\"og:title\" content=\"Coldbet R\u00e9publique du Togo Football\" \/>\n<meta property=\"og:description\" content=\"Vous souhaitez parier sur le football et gagner r\u00e9guli\u00e8rement ? Alors Coldbet R\u00e9publique du Togo est le bon choix pour vous !\" \/>\n<meta property=\"og:url\" content=\"https:\/\/coldbet.bet\/tg\/bets-on-football\/\" \/>\n<meta property=\"og:site_name\" content=\"Coldbet Bet TG\" \/>\n<meta property=\"article:modified_time\" content=\"2026-04-21T09:46:25+00:00\" \/>\n<meta name=\"twitter:card\" content=\"summary_large_image\" \/>\n<script type=\"application\/ld+json\" class=\"yoast-schema-graph\">{\"@context\":\"https:\/\/schema.org\",\"@graph\":[{\"@type\":\"WebPage\",\"@id\":\"https:\/\/coldbet.bet\/tg\/bets-on-football\/\",\"url\":\"https:\/\/coldbet.bet\/tg\/bets-on-football\/\",\"name\":\"Coldbet R\u00e9publique du Togo Football\",\"isPartOf\":{\"@id\":\"https:\/\/coldbet.bet\/tg\/#website\"},\"datePublished\":\"2025-04-18T07:05:23+00:00\",\"dateModified\":\"2026-04-21T09:46:25+00:00\",\"description\":\"Vous souhaitez parier sur le football et gagner r\u00e9guli\u00e8rement ? Alors Coldbet R\u00e9publique du Togo est le bon choix pour vous !\",\"breadcrumb\":{\"@id\":\"https:\/\/coldbet.bet\/tg\/bets-on-football\/#breadcrumb\"},\"inLanguage\":\"en-AU\",\"potentialAction\":[{\"@type\":\"ReadAction\",\"target\":[\"https:\/\/coldbet.bet\/tg\/bets-on-football\/\"]}]},{\"@type\":\"BreadcrumbList\",\"@id\":\"https:\/\/coldbet.bet\/tg\/bets-on-football\/#breadcrumb\",\"itemListElement\":[{\"@type\":\"ListItem\",\"position\":1,\"name\":\"\u0413\u043b\u0430\u0432\u043d\u0430\u044f \u0441\u0442\u0440\u0430\u043d\u0438\u0446\u0430\",\"item\":\"https:\/\/coldbet.bet\/tg\/\"},{\"@type\":\"ListItem\",\"position\":2,\"name\":\"Football\"}]},{\"@type\":\"WebSite\",\"@id\":\"https:\/\/coldbet.bet\/tg\/#website\",\"url\":\"https:\/\/coldbet.bet\/tg\/\",\"name\":\"Coldbet Bet TG\",\"description\":\"My WordPress Blog\",\"potentialAction\":[{\"@type\":\"SearchAction\",\"target\":{\"@type\":\"EntryPoint\",\"urlTemplate\":\"https:\/\/coldbet.bet\/tg\/?s={search_term_string}\"},\"query-input\":{\"@type\":\"PropertyValueSpecification\",\"valueRequired\":true,\"valueName\":\"search_term_string\"}}],\"inLanguage\":\"en-AU\"}]}<\/script>\n<!-- \/ Yoast SEO plugin. -->","yoast_head_json":{"title":"Coldbet R\u00e9publique du Togo Football","description":"Vous souhaitez parier sur le football et gagner r\u00e9guli\u00e8rement ? Alors Coldbet R\u00e9publique du Togo est le bon choix pour vous !","robots":{"index":"index","follow":"follow","max-snippet":"max-snippet:-1","max-image-preview":"max-image-preview:large","max-video-preview":"max-video-preview:-1"},"og_type":"article","og_title":"Coldbet R\u00e9publique du Togo Football","og_description":"Vous souhaitez parier sur le football et gagner r\u00e9guli\u00e8rement ? Alors Coldbet R\u00e9publique du Togo est le bon choix pour vous !","og_url":"https:\/\/coldbet.bet\/tg\/bets-on-football\/","og_site_name":"Coldbet Bet TG","article_modified_time":"2026-04-21T09:46:25+00:00","twitter_card":"summary_large_image","schema":{"@context":"https:\/\/schema.org","@graph":[{"@type":"WebPage","@id":"https:\/\/coldbet.bet\/tg\/bets-on-football\/","url":"https:\/\/coldbet.bet\/tg\/bets-on-football\/","name":"Coldbet R\u00e9publique du Togo Football","isPartOf":{"@id":"https:\/\/coldbet.bet\/tg\/#website"},"datePublished":"2025-04-18T07:05:23+00:00","dateModified":"2026-04-21T09:46:25+00:00","description":"Vous souhaitez parier sur le football et gagner r\u00e9guli\u00e8rement ? Alors Coldbet R\u00e9publique du Togo est le bon choix pour vous !","breadcrumb":{"@id":"https:\/\/coldbet.bet\/tg\/bets-on-football\/#breadcrumb"},"inLanguage":"en-AU","potentialAction":[{"@type":"ReadAction","target":["https:\/\/coldbet.bet\/tg\/bets-on-football\/"]}]},{"@type":"BreadcrumbList","@id":"https:\/\/coldbet.bet\/tg\/bets-on-football\/#breadcrumb","itemListElement":[{"@type":"ListItem","position":1,"name":"\u0413\u043b\u0430\u0432\u043d\u0430\u044f \u0441\u0442\u0440\u0430\u043d\u0438\u0446\u0430","item":"https:\/\/coldbet.bet\/tg\/"},{"@type":"ListItem","position":2,"name":"Football"}]},{"@type":"WebSite","@id":"https:\/\/coldbet.bet\/tg\/#website","url":"https:\/\/coldbet.bet\/tg\/","name":"Coldbet Bet TG","description":"My WordPress Blog","potentialAction":[{"@type":"SearchAction","target":{"@type":"EntryPoint","urlTemplate":"https:\/\/coldbet.bet\/tg\/?s={search_term_string}"},"query-input":{"@type":"PropertyValueSpecification","valueRequired":true,"valueName":"search_term_string"}}],"inLanguage":"en-AU"}]}},"_links":{"self":[{"href":"https:\/\/coldbet.bet\/tg\/wp-json\/wp\/v2\/pages\/176","targetHints":{"allow":["GET"]}}],"collection":[{"href":"https:\/\/coldbet.bet\/tg\/wp-json\/wp\/v2\/pages"}],"about":[{"href":"https:\/\/coldbet.bet\/tg\/wp-json\/wp\/v2\/types\/page"}],"author":[{"embeddable":true,"href":"https:\/\/coldbet.bet\/tg\/wp-json\/wp\/v2\/users\/1"}],"replies":[{"embeddable":true,"href":"https:\/\/coldbet.bet\/tg\/wp-json\/wp\/v2\/comments?post=176"}],"version-history":[{"count":7,"href":"https:\/\/coldbet.bet\/tg\/wp-json\/wp\/v2\/pages\/176\/revisions"}],"predecessor-version":[{"id":351,"href":"https:\/\/coldbet.bet\/tg\/wp-json\/wp\/v2\/pages\/176\/revisions\/351"}],"wp:attachment":[{"href":"https:\/\/coldbet.bet\/tg\/wp-json\/wp\/v2\/media?parent=176"}],"curies":[{"name":"wp","href":"https:\/\/api.w.org\/{rel}","templated":true}]}}