{"id":226,"date":"2025-08-01T05:51:38","date_gmt":"2025-08-01T05:51:38","guid":{"rendered":"https:\/\/coldbet.bet\/tg\/?page_id=226"},"modified":"2026-04-21T09:43:06","modified_gmt":"2026-04-21T09:43:06","slug":"login","status":"publish","type":"page","link":"https:\/\/coldbet.bet\/tg\/login\/","title":{"rendered":"Entr\u00e9e"},"content":{"rendered":"","protected":false},"excerpt":{"rendered":"","protected":false},"author":1,"featured_media":0,"parent":0,"menu_order":0,"comment_status":"closed","ping_status":"closed","template":"","meta":{"inline_featured_image":false,"footnotes":""},"class_list":["post-226","page","type-page","status-publish","hentry"],"yoast_head":"<!-- This site is optimized with the Yoast SEO plugin v26.8 - https:\/\/yoast.com\/product\/yoast-seo-wordpress\/ -->\n<title>Connexion ColdBet R\u00e9publique du Togo &gt; Connexion s\u00e9curis\u00e9e<\/title>\n<meta name=\"description\" content=\"D\u00e9couvrez comment r\u00e9aliser une op\u00e9ration rapide et s\u00fbre ColdBet R\u00e9publique du Togo Connexion au site web. Instructions \u00e9tape par \u00e9tape pour se connecter depuis un PC, un t\u00e9l\u00e9phone et une application.\" \/>\n<meta name=\"robots\" content=\"index, follow, max-snippet:-1, max-image-preview:large, max-video-preview:-1\" \/>\n<meta property=\"og:type\" content=\"article\" \/>\n<meta property=\"og:title\" content=\"Connexion ColdBet R\u00e9publique du Togo &gt; Connexion s\u00e9curis\u00e9e\" \/>\n<meta property=\"og:description\" content=\"D\u00e9couvrez comment r\u00e9aliser une op\u00e9ration rapide et s\u00fbre ColdBet R\u00e9publique du Togo Connexion au site web. Instructions \u00e9tape par \u00e9tape pour se connecter depuis un PC, un t\u00e9l\u00e9phone et une application.\" \/>\n<meta property=\"og:url\" content=\"https:\/\/coldbet.bet\/tg\/login\/\" \/>\n<meta property=\"og:site_name\" content=\"Coldbet Bet TG\" \/>\n<meta property=\"article:modified_time\" content=\"2026-04-21T09:43:06+00:00\" \/>\n<meta name=\"twitter:card\" content=\"summary_large_image\" \/>\n<script type=\"application\/ld+json\" class=\"yoast-schema-graph\">{\"@context\":\"https:\/\/schema.org\",\"@graph\":[{\"@type\":\"WebPage\",\"@id\":\"https:\/\/coldbet.bet\/tg\/login\/\",\"url\":\"https:\/\/coldbet.bet\/tg\/login\/\",\"name\":\"Connexion ColdBet R\u00e9publique du Togo > Connexion s\u00e9curis\u00e9e\",\"isPartOf\":{\"@id\":\"https:\/\/coldbet.bet\/tg\/#website\"},\"datePublished\":\"2025-08-01T05:51:38+00:00\",\"dateModified\":\"2026-04-21T09:43:06+00:00\",\"description\":\"D\u00e9couvrez comment r\u00e9aliser une op\u00e9ration rapide et s\u00fbre ColdBet R\u00e9publique du Togo Connexion au site web. Instructions \u00e9tape par \u00e9tape pour se connecter depuis un PC, un t\u00e9l\u00e9phone et une application.\",\"breadcrumb\":{\"@id\":\"https:\/\/coldbet.bet\/tg\/login\/#breadcrumb\"},\"inLanguage\":\"en-AU\",\"potentialAction\":[{\"@type\":\"ReadAction\",\"target\":[\"https:\/\/coldbet.bet\/tg\/login\/\"]}]},{\"@type\":\"BreadcrumbList\",\"@id\":\"https:\/\/coldbet.bet\/tg\/login\/#breadcrumb\",\"itemListElement\":[{\"@type\":\"ListItem\",\"position\":1,\"name\":\"\u0413\u043b\u0430\u0432\u043d\u0430\u044f \u0441\u0442\u0440\u0430\u043d\u0438\u0446\u0430\",\"item\":\"https:\/\/coldbet.bet\/tg\/\"},{\"@type\":\"ListItem\",\"position\":2,\"name\":\"Entr\u00e9e\"}]},{\"@type\":\"WebSite\",\"@id\":\"https:\/\/coldbet.bet\/tg\/#website\",\"url\":\"https:\/\/coldbet.bet\/tg\/\",\"name\":\"Coldbet Bet TG\",\"description\":\"My WordPress Blog\",\"potentialAction\":[{\"@type\":\"SearchAction\",\"target\":{\"@type\":\"EntryPoint\",\"urlTemplate\":\"https:\/\/coldbet.bet\/tg\/?s={search_term_string}\"},\"query-input\":{\"@type\":\"PropertyValueSpecification\",\"valueRequired\":true,\"valueName\":\"search_term_string\"}}],\"inLanguage\":\"en-AU\"}]}<\/script>\n<!-- \/ Yoast SEO plugin. -->","yoast_head_json":{"title":"Connexion ColdBet R\u00e9publique du Togo > Connexion s\u00e9curis\u00e9e","description":"D\u00e9couvrez comment r\u00e9aliser une op\u00e9ration rapide et s\u00fbre ColdBet R\u00e9publique du Togo Connexion au site web. Instructions \u00e9tape par \u00e9tape pour se connecter depuis un PC, un t\u00e9l\u00e9phone et une application.","robots":{"index":"index","follow":"follow","max-snippet":"max-snippet:-1","max-image-preview":"max-image-preview:large","max-video-preview":"max-video-preview:-1"},"og_type":"article","og_title":"Connexion ColdBet R\u00e9publique du Togo > Connexion s\u00e9curis\u00e9e","og_description":"D\u00e9couvrez comment r\u00e9aliser une op\u00e9ration rapide et s\u00fbre ColdBet R\u00e9publique du Togo Connexion au site web. Instructions \u00e9tape par \u00e9tape pour se connecter depuis un PC, un t\u00e9l\u00e9phone et une application.","og_url":"https:\/\/coldbet.bet\/tg\/login\/","og_site_name":"Coldbet Bet TG","article_modified_time":"2026-04-21T09:43:06+00:00","twitter_card":"summary_large_image","schema":{"@context":"https:\/\/schema.org","@graph":[{"@type":"WebPage","@id":"https:\/\/coldbet.bet\/tg\/login\/","url":"https:\/\/coldbet.bet\/tg\/login\/","name":"Connexion ColdBet R\u00e9publique du Togo > Connexion s\u00e9curis\u00e9e","isPartOf":{"@id":"https:\/\/coldbet.bet\/tg\/#website"},"datePublished":"2025-08-01T05:51:38+00:00","dateModified":"2026-04-21T09:43:06+00:00","description":"D\u00e9couvrez comment r\u00e9aliser une op\u00e9ration rapide et s\u00fbre ColdBet R\u00e9publique du Togo Connexion au site web. Instructions \u00e9tape par \u00e9tape pour se connecter depuis un PC, un t\u00e9l\u00e9phone et une application.","breadcrumb":{"@id":"https:\/\/coldbet.bet\/tg\/login\/#breadcrumb"},"inLanguage":"en-AU","potentialAction":[{"@type":"ReadAction","target":["https:\/\/coldbet.bet\/tg\/login\/"]}]},{"@type":"BreadcrumbList","@id":"https:\/\/coldbet.bet\/tg\/login\/#breadcrumb","itemListElement":[{"@type":"ListItem","position":1,"name":"\u0413\u043b\u0430\u0432\u043d\u0430\u044f \u0441\u0442\u0440\u0430\u043d\u0438\u0446\u0430","item":"https:\/\/coldbet.bet\/tg\/"},{"@type":"ListItem","position":2,"name":"Entr\u00e9e"}]},{"@type":"WebSite","@id":"https:\/\/coldbet.bet\/tg\/#website","url":"https:\/\/coldbet.bet\/tg\/","name":"Coldbet Bet TG","description":"My WordPress Blog","potentialAction":[{"@type":"SearchAction","target":{"@type":"EntryPoint","urlTemplate":"https:\/\/coldbet.bet\/tg\/?s={search_term_string}"},"query-input":{"@type":"PropertyValueSpecification","valueRequired":true,"valueName":"search_term_string"}}],"inLanguage":"en-AU"}]}},"_links":{"self":[{"href":"https:\/\/coldbet.bet\/tg\/wp-json\/wp\/v2\/pages\/226","targetHints":{"allow":["GET"]}}],"collection":[{"href":"https:\/\/coldbet.bet\/tg\/wp-json\/wp\/v2\/pages"}],"about":[{"href":"https:\/\/coldbet.bet\/tg\/wp-json\/wp\/v2\/types\/page"}],"author":[{"embeddable":true,"href":"https:\/\/coldbet.bet\/tg\/wp-json\/wp\/v2\/users\/1"}],"replies":[{"embeddable":true,"href":"https:\/\/coldbet.bet\/tg\/wp-json\/wp\/v2\/comments?post=226"}],"version-history":[{"count":6,"href":"https:\/\/coldbet.bet\/tg\/wp-json\/wp\/v2\/pages\/226\/revisions"}],"predecessor-version":[{"id":349,"href":"https:\/\/coldbet.bet\/tg\/wp-json\/wp\/v2\/pages\/226\/revisions\/349"}],"wp:attachment":[{"href":"https:\/\/coldbet.bet\/tg\/wp-json\/wp\/v2\/media?parent=226"}],"curies":[{"name":"wp","href":"https:\/\/api.w.org\/{rel}","templated":true}]}}