{"id":261,"date":"2025-08-11T04:14:23","date_gmt":"2025-08-11T04:14:23","guid":{"rendered":"https:\/\/coldbet.bet\/tg\/?page_id=261"},"modified":"2026-04-21T09:50:47","modified_gmt":"2026-04-21T09:50:47","slug":"bonuses","status":"publish","type":"page","link":"https:\/\/coldbet.bet\/tg\/bonuses\/","title":{"rendered":"Bonus"},"content":{"rendered":"","protected":false},"excerpt":{"rendered":"","protected":false},"author":1,"featured_media":0,"parent":0,"menu_order":0,"comment_status":"closed","ping_status":"closed","template":"","meta":{"inline_featured_image":false,"footnotes":""},"class_list":["post-261","page","type-page","status-publish","hentry"],"yoast_head":"<!-- This site is optimized with the Yoast SEO plugin v26.8 - https:\/\/yoast.com\/product\/yoast-seo-wordpress\/ -->\n<title>Bonus ColdBet R\u00e9publique du Togo<\/title>\n<meta name=\"description\" content=\"Chalors il est important de savoir r\u00e8gles du bonus ColdBet R\u00e9publique du Togo et quelles promotions vous conviennent le mieux \u2013 tout est bref, clair et sans petits caract\u00e8res.\" \/>\n<meta name=\"robots\" content=\"index, follow, max-snippet:-1, max-image-preview:large, max-video-preview:-1\" \/>\n<meta property=\"og:type\" content=\"article\" \/>\n<meta property=\"og:title\" content=\"Bonus ColdBet R\u00e9publique du Togo\" \/>\n<meta property=\"og:description\" content=\"Chalors il est important de savoir r\u00e8gles du bonus ColdBet R\u00e9publique du Togo et quelles promotions vous conviennent le mieux \u2013 tout est bref, clair et sans petits caract\u00e8res.\" \/>\n<meta property=\"og:url\" content=\"https:\/\/coldbet.bet\/tg\/bonuses\/\" \/>\n<meta property=\"og:site_name\" content=\"Coldbet Bet TG\" \/>\n<meta property=\"article:modified_time\" content=\"2026-04-21T09:50:47+00:00\" \/>\n<meta name=\"twitter:card\" content=\"summary_large_image\" \/>\n<script type=\"application\/ld+json\" class=\"yoast-schema-graph\">{\"@context\":\"https:\/\/schema.org\",\"@graph\":[{\"@type\":\"WebPage\",\"@id\":\"https:\/\/coldbet.bet\/tg\/bonuses\/\",\"url\":\"https:\/\/coldbet.bet\/tg\/bonuses\/\",\"name\":\"Bonus ColdBet R\u00e9publique du Togo\",\"isPartOf\":{\"@id\":\"https:\/\/coldbet.bet\/tg\/#website\"},\"datePublished\":\"2025-08-11T04:14:23+00:00\",\"dateModified\":\"2026-04-21T09:50:47+00:00\",\"description\":\"Chalors il est important de savoir r\u00e8gles du bonus ColdBet R\u00e9publique du Togo et quelles promotions vous conviennent le mieux \u2013 tout est bref, clair et sans petits caract\u00e8res.\",\"breadcrumb\":{\"@id\":\"https:\/\/coldbet.bet\/tg\/bonuses\/#breadcrumb\"},\"inLanguage\":\"en-AU\",\"potentialAction\":[{\"@type\":\"ReadAction\",\"target\":[\"https:\/\/coldbet.bet\/tg\/bonuses\/\"]}]},{\"@type\":\"BreadcrumbList\",\"@id\":\"https:\/\/coldbet.bet\/tg\/bonuses\/#breadcrumb\",\"itemListElement\":[{\"@type\":\"ListItem\",\"position\":1,\"name\":\"\u0413\u043b\u0430\u0432\u043d\u0430\u044f \u0441\u0442\u0440\u0430\u043d\u0438\u0446\u0430\",\"item\":\"https:\/\/coldbet.bet\/tg\/\"},{\"@type\":\"ListItem\",\"position\":2,\"name\":\"Bonus\"}]},{\"@type\":\"WebSite\",\"@id\":\"https:\/\/coldbet.bet\/tg\/#website\",\"url\":\"https:\/\/coldbet.bet\/tg\/\",\"name\":\"Coldbet Bet TG\",\"description\":\"My WordPress Blog\",\"potentialAction\":[{\"@type\":\"SearchAction\",\"target\":{\"@type\":\"EntryPoint\",\"urlTemplate\":\"https:\/\/coldbet.bet\/tg\/?s={search_term_string}\"},\"query-input\":{\"@type\":\"PropertyValueSpecification\",\"valueRequired\":true,\"valueName\":\"search_term_string\"}}],\"inLanguage\":\"en-AU\"}]}<\/script>\n<!-- \/ Yoast SEO plugin. -->","yoast_head_json":{"title":"Bonus ColdBet R\u00e9publique du Togo","description":"Chalors il est important de savoir r\u00e8gles du bonus ColdBet R\u00e9publique du Togo et quelles promotions vous conviennent le mieux \u2013 tout est bref, clair et sans petits caract\u00e8res.","robots":{"index":"index","follow":"follow","max-snippet":"max-snippet:-1","max-image-preview":"max-image-preview:large","max-video-preview":"max-video-preview:-1"},"og_type":"article","og_title":"Bonus ColdBet R\u00e9publique du Togo","og_description":"Chalors il est important de savoir r\u00e8gles du bonus ColdBet R\u00e9publique du Togo et quelles promotions vous conviennent le mieux \u2013 tout est bref, clair et sans petits caract\u00e8res.","og_url":"https:\/\/coldbet.bet\/tg\/bonuses\/","og_site_name":"Coldbet Bet TG","article_modified_time":"2026-04-21T09:50:47+00:00","twitter_card":"summary_large_image","schema":{"@context":"https:\/\/schema.org","@graph":[{"@type":"WebPage","@id":"https:\/\/coldbet.bet\/tg\/bonuses\/","url":"https:\/\/coldbet.bet\/tg\/bonuses\/","name":"Bonus ColdBet R\u00e9publique du Togo","isPartOf":{"@id":"https:\/\/coldbet.bet\/tg\/#website"},"datePublished":"2025-08-11T04:14:23+00:00","dateModified":"2026-04-21T09:50:47+00:00","description":"Chalors il est important de savoir r\u00e8gles du bonus ColdBet R\u00e9publique du Togo et quelles promotions vous conviennent le mieux \u2013 tout est bref, clair et sans petits caract\u00e8res.","breadcrumb":{"@id":"https:\/\/coldbet.bet\/tg\/bonuses\/#breadcrumb"},"inLanguage":"en-AU","potentialAction":[{"@type":"ReadAction","target":["https:\/\/coldbet.bet\/tg\/bonuses\/"]}]},{"@type":"BreadcrumbList","@id":"https:\/\/coldbet.bet\/tg\/bonuses\/#breadcrumb","itemListElement":[{"@type":"ListItem","position":1,"name":"\u0413\u043b\u0430\u0432\u043d\u0430\u044f \u0441\u0442\u0440\u0430\u043d\u0438\u0446\u0430","item":"https:\/\/coldbet.bet\/tg\/"},{"@type":"ListItem","position":2,"name":"Bonus"}]},{"@type":"WebSite","@id":"https:\/\/coldbet.bet\/tg\/#website","url":"https:\/\/coldbet.bet\/tg\/","name":"Coldbet Bet TG","description":"My WordPress Blog","potentialAction":[{"@type":"SearchAction","target":{"@type":"EntryPoint","urlTemplate":"https:\/\/coldbet.bet\/tg\/?s={search_term_string}"},"query-input":{"@type":"PropertyValueSpecification","valueRequired":true,"valueName":"search_term_string"}}],"inLanguage":"en-AU"}]}},"_links":{"self":[{"href":"https:\/\/coldbet.bet\/tg\/wp-json\/wp\/v2\/pages\/261","targetHints":{"allow":["GET"]}}],"collection":[{"href":"https:\/\/coldbet.bet\/tg\/wp-json\/wp\/v2\/pages"}],"about":[{"href":"https:\/\/coldbet.bet\/tg\/wp-json\/wp\/v2\/types\/page"}],"author":[{"embeddable":true,"href":"https:\/\/coldbet.bet\/tg\/wp-json\/wp\/v2\/users\/1"}],"replies":[{"embeddable":true,"href":"https:\/\/coldbet.bet\/tg\/wp-json\/wp\/v2\/comments?post=261"}],"version-history":[{"count":7,"href":"https:\/\/coldbet.bet\/tg\/wp-json\/wp\/v2\/pages\/261\/revisions"}],"predecessor-version":[{"id":357,"href":"https:\/\/coldbet.bet\/tg\/wp-json\/wp\/v2\/pages\/261\/revisions\/357"}],"wp:attachment":[{"href":"https:\/\/coldbet.bet\/tg\/wp-json\/wp\/v2\/media?parent=261"}],"curies":[{"name":"wp","href":"https:\/\/api.w.org\/{rel}","templated":true}]}}